{"id":17,"date":"2022-11-24T16:24:31","date_gmt":"2022-11-24T15:24:31","guid":{"rendered":"https:\/\/poll-berlin.de\/Kanzlei\/index.php\/die-kanlzei\/anne-werthschuetzky\/"},"modified":"2023-08-29T12:31:23","modified_gmt":"2023-08-29T10:31:23","slug":"anne-werthschuetzky","status":"publish","type":"page","link":"https:\/\/poll-berlin.de\/Kanzlei\/die-kanlzei\/anne-werthschuetzky\/","title":{"rendered":"Anne Werthsch\u00fctzky"},"content":{"rendered":"\n<h2 class=\"wp-block-heading\">Rechtsanw\u00e4ltin Anne Werthsch\u00fctzky<\/h2>\n\n\n\n<p>1975 in Dresden geboren<br>1991\u20131994 wirtschaftlich ausgerichtetes Abitur in Berlin<br>1994\u20131999 Studium der Rechtswissenschaften an der Universit\u00e4t Potsdam<br>1999 Erstes Juristisches Staatsexamen<br>1999\u20132001 Referendariat im Landgerichtsbezirk Potsdam<br>2001 Zweites Juristisches Staatsexamen<br>2001 Zulassung zur Rechtsanw\u00e4ltin<br>2002 Zus\u00e4tzliche T\u00e4tigkeit als Dozentin<\/p>\n\n\n\n<p><em>Arbeitsschwerpunkte<\/em>:<br>Bau- und Architektenrecht (inkl. selbst\u00e4ndige Beweisverfahren)<br>Immobilien- und Bautr\u00e4gervertr\u00e4ge<br>gewerblicher Rechtsschutz<br>Urheberrecht und Kunstrecht<br>Vergabe-, Vertrags- und Arbeitsrecht<br>Forderungsmanagement<br>(Mahnung, Mahnverfahren, Zwangsvollstreckung)<\/p>\n\n\n\n<p><em>Mitgliedschaften<\/em>:<br><a rel=\"noreferrer noopener\" href=\"https:\/\/berliner-anwaltsverein.de\/de\/\" data-type=\"link\" data-id=\"https:\/\/berliner-anwaltsverein.de\/de\/\" target=\"_blank\">Berliner Anwaltsverein<\/a><br><a href=\"https:\/\/anwaltverein.de\/de\/mitgliedschaft\/arbeitsgemeinschaften\/bau-und-immobilienrecht\" data-type=\"link\" data-id=\"https:\/\/anwaltverein.de\/de\/mitgliedschaft\/arbeitsgemeinschaften\/bau-und-immobilienrecht\" target=\"_blank\" rel=\"noreferrer noopener\">Arbeitsgemeinschaft f\u00fcr Bau- und Immobilienrecht des Deutschen Anwaltverein (DAV)<\/a><br><a href=\"https:\/\/www.deutschestheater.de\/dt-freunde\/dt-freunde\/\" data-type=\"link\" data-id=\"https:\/\/www.deutschestheater.de\/dt-freunde\/dt-freunde\/\" target=\"_blank\" rel=\"noreferrer noopener\">Vorstandsmitglied des Vereins der Freunde &amp; F\u00f6rderer des Deutschen Theaters e.V.<\/a><br><a href=\"https:\/\/www.bpw-berlin.de\" data-type=\"link\" data-id=\"https:\/\/www.bpw-berlin.de\" target=\"_blank\" rel=\"noreferrer noopener\">Business and Professional Women (BPW) Club \u2013 Berlin e. V.<\/a><\/p>\n","protected":false},"excerpt":{"rendered":"<p>Rechtsanw\u00e4ltin Anne Werthsch\u00fctzky 1975 in Dresden geboren1991\u20131994 wirtschaftlich ausgerichtetes Abitur in Berlin1994\u20131999 Studium der Rechtswissenschaften an der Universit\u00e4t Potsdam1999 Erstes Juristisches Staatsexamen1999\u20132001 Referendariat im Landgerichtsbezirk Potsdam2001 Zweites Juristisches Staatsexamen2001 Zulassung zur Rechtsanw\u00e4ltin2002 Zus\u00e4tzliche T\u00e4tigkeit als Dozentin Arbeitsschwerpunkte:Bau- und Architektenrecht (inkl. selbst\u00e4ndige Beweisverfahren)Immobilien- und Bautr\u00e4gervertr\u00e4gegewerblicher RechtsschutzUrheberrecht und KunstrechtVergabe-, Vertrags- und ArbeitsrechtForderungsmanagement(Mahnung, Mahnverfahren, Zwangsvollstreckung) Mitgliedschaften:Berliner AnwaltsvereinArbeitsgemeinschaft f\u00fcr [&hellip;]<\/p>\n","protected":false},"author":1,"featured_media":68,"parent":7,"menu_order":0,"comment_status":"closed","ping_status":"closed","template":"","meta":{"footnotes":""},"class_list":["post-17","page","type-page","status-publish","has-post-thumbnail","hentry"],"_links":{"self":[{"href":"https:\/\/poll-berlin.de\/Kanzlei\/wp-json\/wp\/v2\/pages\/17"}],"collection":[{"href":"https:\/\/poll-berlin.de\/Kanzlei\/wp-json\/wp\/v2\/pages"}],"about":[{"href":"https:\/\/poll-berlin.de\/Kanzlei\/wp-json\/wp\/v2\/types\/page"}],"author":[{"embeddable":true,"href":"https:\/\/poll-berlin.de\/Kanzlei\/wp-json\/wp\/v2\/users\/1"}],"replies":[{"embeddable":true,"href":"https:\/\/poll-berlin.de\/Kanzlei\/wp-json\/wp\/v2\/comments?post=17"}],"version-history":[{"count":17,"href":"https:\/\/poll-berlin.de\/Kanzlei\/wp-json\/wp\/v2\/pages\/17\/revisions"}],"predecessor-version":[{"id":83,"href":"https:\/\/poll-berlin.de\/Kanzlei\/wp-json\/wp\/v2\/pages\/17\/revisions\/83"}],"up":[{"embeddable":true,"href":"https:\/\/poll-berlin.de\/Kanzlei\/wp-json\/wp\/v2\/pages\/7"}],"wp:featuredmedia":[{"embeddable":true,"href":"https:\/\/poll-berlin.de\/Kanzlei\/wp-json\/wp\/v2\/media\/68"}],"wp:attachment":[{"href":"https:\/\/poll-berlin.de\/Kanzlei\/wp-json\/wp\/v2\/media?parent=17"}],"curies":[{"name":"wp","href":"https:\/\/api.w.org\/{rel}","templated":true}]}}